{"id":377,"date":"2025-03-10T11:27:27","date_gmt":"2025-03-10T11:27:27","guid":{"rendered":"https:\/\/caseriasanfrancisco.com\/?page_id=377"},"modified":"2026-02-10T14:44:52","modified_gmt":"2026-02-10T14:44:52","slug":"contacto","status":"publish","type":"page","link":"https:\/\/caseriasanfrancisco.com\/en\/contacto\/","title":{"rendered":"Contacto"},"content":{"rendered":"<div id=\"fws_69fb3c3d1f3a9\"  data-column-margin=\"default\" data-midnight=\"light\"  class=\"wpb_row vc_row-fluid vc_row full-width-content vc_row-o-equal-height vc_row-flex vc_row-o-content-middle\"  style=\"padding-top: 0px; padding-bottom: 0px; \"><div class=\"row-bg-wrap\" data-bg-animation=\"none\" data-bg-animation-delay=\"\" data-bg-overlay=\"false\"><div class=\"inner-wrap row-bg-layer\" ><div class=\"row-bg viewport-desktop\"  style=\"\"><\/div><\/div><\/div><div class=\"row_col_wrap_12 col span_12 light left\">\n\t<div  class=\"vc_col-sm-6 wpb_column column_container vc_column_container col centered-text has-animation no-extra-padding el_spacing_0px inherit_tablet inherit_phone\"  data-padding-pos=\"all\" data-has-bg-color=\"false\" data-bg-color=\"\" data-bg-opacity=\"1\" data-animation=\"grow-in\" data-delay=\"200\" >\n\t\t<div class=\"vc_column-inner\" >\n\t\t\t<div class=\"wpb_wrapper\">\n\t\t\t\t<div id=\"map_69fb3c3d1f824\" style=\"height: 520px;\" class=\"nectar-leaflet-map\" data-infowindow-start-open=\"\" data-dark-color-scheme=\"\" data-marker-style=\"default\" data-nectar-marker-color=\"accent-color\" data-ultra-flat=\"\" data-greyscale=\"1\" data-extra-color=\"\" data-enable-animation=\"false\" data-enable-zoom=\"\" data-zoom-level=\"17\" data-center-lat=\"37.193607\" data-center-lng=\"-3.613107\" data-marker-img=\"\"><\/div><div class=\"map_69fb3c3d1f824 map-marker-list\"><div class=\"map-marker\" data-marker-image-width=\"150\" data-marker-image-height=\"150\" data-lat=\"37.193607\" data-lng=\"-3.613107\" data-mapinfo=\"Caser\u00eda San Francisco\"><\/div><\/div>\n\t\t\t<\/div> \n\t\t<\/div>\n\t<\/div> \n\n\t<div style=\"\" class=\"vc_col-sm-6 wpb_column column_container vc_column_container col has-animation padding-5-percent inherit_tablet inherit_phone\" data-using-bg=\"true\" data-bg-cover=\"true\" data-padding-pos=\"all\" data-has-bg-color=\"true\" data-bg-color=\"#f3bd48\" data-bg-opacity=\"0.6\" data-animation=\"grow-in\" data-delay=\"300\" >\n\t\t<div class=\"vc_column-inner\" ><div class=\"column-image-bg-wrap column-bg-layer viewport-desktop\" data-bg-pos=\"center center\" data-bg-animation=\"none\" data-bg-overlay=\"false\"><div class=\"inner-wrap\"><div class=\"column-image-bg\" style=\"\"><\/div><\/div><\/div><div class=\"column-bg-overlay-wrap column-bg-layer\" data-bg-animation=\"none\"><div class=\"column-bg-overlay\" style=\"opacity: 0.6; background-color: #f3bd48;\"><\/div><\/div>\n\t\t\t<div class=\"wpb_wrapper\">\n\t\t\t\t\n<div class=\"wpb_text_column wpb_content_element\" >\n\t<div class=\"wpb_wrapper\">\n\t\t<h1><span style=\"color: #000000;\">Cont\u00e1ctanos<\/span><\/h1>\n<p><span style=\"color: #000000;\">Si desea informaci\u00f3n sobre alquiler de apartamentos o celebraciones de eventos en Granada, cont\u00e1ctanos.<\/span><\/p>\n<p><span style=\"color: #000000;\">Calle El Guerra, 30. Beiro &#8211; 18014 Granada<\/span><\/p>\n<p><span style=\"color: #000000;\"><strong><a style=\"color: #000000;\" href=\"tel:34601005061\">+34 601 005 061<\/a><\/strong><\/span><\/p>\n<p><span style=\"color: #000000;\"><strong><a style=\"color: #000000;\" href=\"mailto:info@caseriasanfrancisco.com\">info@caseriasanfrancisco.com<\/a>\u00a0 \u00a0|\u00a0 <\/strong><\/span><span style=\"color: #000000;\"><strong><a style=\"color: #000000;\" href=\"mailto:reservas@caseriasanfrancisco.com\">reservas@caseriasanfrancisco.com<\/a><\/strong><\/span><\/p>\n\t<\/div>\n<\/div>\n\n\n\n\n\t\t\t<\/div> \n\t\t<\/div>\n\t<\/div> \n<\/div><\/div>\n\t\t<div id=\"fws_69fb3c3d1fdec\"  data-column-margin=\"default\" data-midnight=\"light\"  class=\"wpb_row vc_row-fluid vc_row full-width-content vc_row-o-equal-height vc_row-flex vc_row-o-content-middle\"  style=\"padding-top: 0px; padding-bottom: 0px; \"><div class=\"row-bg-wrap\" data-bg-animation=\"none\" data-bg-animation-delay=\"\" data-bg-overlay=\"false\"><div class=\"inner-wrap row-bg-layer\" ><div class=\"row-bg viewport-desktop\"  style=\"\"><\/div><\/div><\/div><div class=\"row_col_wrap_12 col span_12 light left\">\n\t<div style=\"\" class=\"vc_col-sm-6 wpb_column column_container vc_column_container col has-animation padding-5-percent inherit_tablet inherit_phone\" data-using-bg=\"true\" data-bg-cover=\"true\" data-padding-pos=\"all\" data-has-bg-color=\"true\" data-bg-color=\"#5c5a52\" data-bg-opacity=\"1\" data-animation=\"grow-in\" data-delay=\"300\" >\n\t\t<div class=\"vc_column-inner\" ><div class=\"column-image-bg-wrap column-bg-layer viewport-desktop\" data-bg-pos=\"center center\" data-bg-animation=\"none\" data-bg-overlay=\"false\"><div class=\"inner-wrap\"><div class=\"column-image-bg\" style=\"\"><\/div><\/div><\/div><div class=\"column-bg-overlay-wrap column-bg-layer\" data-bg-animation=\"none\"><div class=\"column-bg-overlay\" style=\"opacity: 1; background-color: #5c5a52;\"><\/div><\/div>\n\t\t\t<div class=\"wpb_wrapper\">\n\t\t\t\t<h2 style=\"color: #ffffff;text-align: left\" class=\"vc_custom_heading vc_do_custom_heading vc_custom_1770734227118\" >Reservas<\/h2><h3 style=\"font-size: 20px;color: #ffffff;text-align: left\" class=\"vc_custom_heading vc_do_custom_heading vc_custom_1770734250526\" >SUITES PARA ALQUILER EN GRANADA<\/h3>\n<div class=\"wpcf7 no-js\" id=\"wpcf7-f6620-o1\" lang=\"es-ES\" dir=\"ltr\" data-wpcf7-id=\"6620\">\n<div class=\"screen-reader-response\"><p role=\"status\" aria-live=\"polite\" aria-atomic=\"true\"><\/p> <ul><\/ul><\/div>\n<form action=\"\/en\/wp-json\/wp\/v2\/pages\/377#wpcf7-f6620-o1\" method=\"post\" class=\"wpcf7-form init\" aria-label=\"Formulario de contacto\" novalidate=\"novalidate\" data-status=\"init\" data-trp-original-action=\"\/en\/wp-json\/wp\/v2\/pages\/377#wpcf7-f6620-o1\">\n<fieldset class=\"hidden-fields-container\"><input type=\"hidden\" name=\"_wpcf7\" value=\"6620\" \/><input type=\"hidden\" name=\"_wpcf7_version\" value=\"6.1.4\" \/><input type=\"hidden\" name=\"_wpcf7_locale\" value=\"es_ES\" \/><input type=\"hidden\" name=\"_wpcf7_unit_tag\" value=\"wpcf7-f6620-o1\" \/><input type=\"hidden\" name=\"_wpcf7_container_post\" value=\"0\" \/><input type=\"hidden\" name=\"_wpcf7_posted_data_hash\" value=\"\" \/><input type=\"hidden\" name=\"_wpcf7_recaptcha_response\" value=\"\" \/>\n<\/fieldset>\n<p><label> Nombre y apellidos<br \/>\n<span class=\"wpcf7-form-control-wrap\" data-name=\"csf-nombre\"><input size=\"40\" maxlength=\"400\" class=\"wpcf7-form-control wpcf7-text wpcf7-validates-as-required\" autocomplete=\"name\" aria-required=\"true\" aria-invalid=\"false\" value=\"\" type=\"text\" name=\"csf-nombre\" \/><\/span> <\/label>\n<\/p>\n<p><label> Correo electr\u00f3nico<br \/>\n<span class=\"wpcf7-form-control-wrap\" data-name=\"csf-email\"><input size=\"40\" maxlength=\"400\" class=\"wpcf7-form-control wpcf7-email wpcf7-validates-as-required wpcf7-text wpcf7-validates-as-email\" autocomplete=\"email\" aria-required=\"true\" aria-invalid=\"false\" value=\"\" type=\"email\" name=\"csf-email\" \/><\/span> <\/label>\n<\/p>\n<p><label> Tel\u00e9fono<br \/>\n<span class=\"wpcf7-form-control-wrap\" data-name=\"csf-tel\"><input size=\"40\" maxlength=\"400\" class=\"wpcf7-form-control wpcf7-tel wpcf7-validates-as-required wpcf7-text wpcf7-validates-as-tel\" autocomplete=\"tel\" aria-required=\"true\" aria-invalid=\"false\" value=\"\" type=\"tel\" name=\"csf-tel\" \/><\/span> <\/label>\n<\/p>\n<p><label> Elige tu suite<br \/>\n<span class=\"wpcf7-form-control-wrap\" data-name=\"csf-suites\"><select class=\"wpcf7-form-control wpcf7-select\" aria-invalid=\"false\" name=\"csf-suites\"><option value=\"Suite Alhambra - 108 m2 - 6 pax\">Suite Alhambra - 108 m2 - 6 pax<\/option><option value=\"Suite Albaicin - 43 m2 - 4 pax\">Suite Albaicin - 43 m2 - 4 pax<\/option><option value=\"Suite Alcazaba - 49 m2 - 4 pax\">Suite Alcazaba - 49 m2 - 4 pax<\/option><option value=\"Suite Mulhacen - 86 m2 - 6 pax\">Suite Mulhacen - 86 m2 - 6 pax<\/option><option value=\"Suite Veleta - 44 m2 - 4 pax\">Suite Veleta - 44 m2 - 4 pax<\/option><option value=\"Suite Sacromonte - 44 m2 - 4 pax\">Suite Sacromonte - 44 m2 - 4 pax<\/option><\/select><\/span><\/label>\n<\/p>\n<p><label> Comentarios (opcional)<br \/>\n<span class=\"wpcf7-form-control-wrap\" data-name=\"csf-mensaje\"><textarea cols=\"40\" rows=\"10\" maxlength=\"2000\" class=\"wpcf7-form-control wpcf7-textarea\" aria-invalid=\"false\" name=\"csf-mensaje\"><\/textarea><\/span> <\/label>\n<\/p>\n<p><span class=\"wpcf7-form-control-wrap\" data-name=\"RGPD\"><span class=\"wpcf7-form-control wpcf7-acceptance\"><span class=\"wpcf7-list-item\"><label><input type=\"checkbox\" name=\"RGPD\" value=\"1\" aria-invalid=\"false\" \/><span class=\"wpcf7-list-item-label\">He le\u00eddo y acepto la <a href=\"https:\/\/caseriasanfrancisco.com\/en\/politica-de-privacidad\/\" target=\"_blanc\" >Pol\u00edtica de Privacidad.<\/a><\/span><\/label><\/span><\/span><\/span>\n<\/p>\n<p><input class=\"wpcf7-form-control wpcf7-submit has-spinner\" type=\"submit\" value=\"Enviar\" \/>\n<\/p>\n<p style=\"font-size:12px;line-height:15px;margin-top:15px\">INFORMACI\u00d3N B\u00c1SICA SOBRE PROTECCI\u00d3N DE DATOS: Responsable del tratamiento: ALFONSO JOSE ARENAS GALLEGO, con NIF. 15472170R con domicilio en Plaza Espa\u00f1a, 4, 3\u00b0B. 18360-Hu\u00e9tor T\u00e1jar. GRANADA. Finalidad del tratamiento: gestionar y tramitar su solicitud de contacto e informaci\u00f3n sobre nuestros servicios. Tiempo de conservaci\u00f3n: Los datos personales facilitados se conservar\u00e1n durante el tiempo necesario para cumplir con la finalidad para la que se recabaron y para determinar las posibles responsabilidades legales derivadas del tratamiento. Derechos de los interesados: podr\u00e1 ejercer los derechos de acceso, oposici\u00f3n, rectificaci\u00f3n, cancelaci\u00f3n o suspensi\u00f3n, portabilidad, decisiones automatizadas, as\u00ed como revocar el consentimiento otorgado, dirigiendo su petici\u00f3n al Responsable del Tratamiento de los Datos en la direcci\u00f3n: info@caseriasanfrancisco.com. Puede ampliar la informaci\u00f3n en el enlace de Pol\u00edtica de Privacidad habilitado.\n<\/p><div class=\"wpcf7-response-output\" aria-hidden=\"true\"><\/div>\n<input type=\"hidden\" name=\"trp-form-language\" value=\"en\"\/><\/form>\n<\/div>\n\n\t\t\t<\/div> \n\t\t<\/div>\n\t<\/div> \n\n\t<div style=\"\" class=\"vc_col-sm-6 wpb_column column_container vc_column_container col centered-text has-animation no-extra-padding el_spacing_0px inherit_tablet inherit_phone\" data-using-bg=\"true\" data-padding-pos=\"all\" data-has-bg-color=\"false\" data-bg-color=\"\" data-bg-opacity=\"0.6\" data-animation=\"grow-in\" data-delay=\"200\" >\n\t\t<div class=\"vc_column-inner\" ><div class=\"column-image-bg-wrap column-bg-layer viewport-desktop\" data-bg-pos=\"center center\" data-bg-animation=\"none\" data-bg-overlay=\"false\"><div class=\"inner-wrap\"><div class=\"column-image-bg\" style=\" background-image: url('https:\/\/caseriasanfrancisco.com\/wp-content\/uploads\/2026\/02\/caseria-san-francisco-exterior-11.webp'); \"><\/div><\/div><\/div>\n\t\t\t<div class=\"wpb_wrapper\">\n\t\t\t\t<div class=\"divider-wrap\" data-alignment=\"default\"><div style=\"height: 50vw;\" class=\"divider\"><\/div><\/div>\n\t\t\t<\/div> \n\t\t<\/div>\n\t<\/div> \n<\/div><\/div>\n\t\t<div id=\"fws_69fb3c3d230b4\"  data-column-margin=\"default\" data-midnight=\"dark\"  class=\"wpb_row vc_row-fluid vc_row  right_padding_40px left_padding_40px\"  style=\"padding-top: 60px; padding-bottom: 0px; \"><div class=\"row-bg-wrap\" data-bg-animation=\"none\" data-bg-animation-delay=\"\" data-bg-overlay=\"false\"><div class=\"inner-wrap row-bg-layer\" ><div class=\"row-bg viewport-desktop\"  style=\"\"><\/div><\/div><\/div><div class=\"row_col_wrap_12 col span_12 dark left\">\n\t<div  class=\"vc_col-sm-12 wpb_column column_container vc_column_container col no-extra-padding inherit_tablet inherit_phone\"  data-padding-pos=\"all\" data-has-bg-color=\"false\" data-bg-color=\"\" data-bg-opacity=\"1\" data-animation=\"\" data-delay=\"0\" >\n\t\t<div class=\"vc_column-inner\" >\n\t\t\t<div class=\"wpb_wrapper\">\n\t\t\t\t<div class=\"img-with-aniamtion-wrap\" data-max-width=\"100%\" data-max-width-mobile=\"default\" data-shadow=\"none\" data-animation=\"none\" >\n      <div class=\"inner\">\n        <div class=\"hover-wrap\"> \n          <div class=\"hover-wrap-inner\">\n            <img loading=\"lazy\" decoding=\"async\" class=\"img-with-animation skip-lazy\" data-delay=\"0\" height=\"240\" width=\"2200\" data-animation=\"none\" src=\"https:\/\/caseriasanfrancisco.com\/wp-content\/uploads\/2025\/05\/CONBANDERA_KITDIGITAL_LINE.png\" alt=\"Kit Digital Granada\" srcset=\"https:\/\/caseriasanfrancisco.com\/wp-content\/uploads\/2025\/05\/CONBANDERA_KITDIGITAL_LINE.png 2200w, https:\/\/caseriasanfrancisco.com\/wp-content\/uploads\/2025\/05\/CONBANDERA_KITDIGITAL_LINE-300x33.png 300w, https:\/\/caseriasanfrancisco.com\/wp-content\/uploads\/2025\/05\/CONBANDERA_KITDIGITAL_LINE-1024x112.png 1024w, https:\/\/caseriasanfrancisco.com\/wp-content\/uploads\/2025\/05\/CONBANDERA_KITDIGITAL_LINE-768x84.png 768w, https:\/\/caseriasanfrancisco.com\/wp-content\/uploads\/2025\/05\/CONBANDERA_KITDIGITAL_LINE-1536x168.png 1536w, https:\/\/caseriasanfrancisco.com\/wp-content\/uploads\/2025\/05\/CONBANDERA_KITDIGITAL_LINE-2048x223.png 2048w\" sizes=\"auto, (max-width: 2200px) 100vw, 2200px\" \/>\n          <\/div>\n        <\/div>\n      <\/div>\n    <\/div>\n\t\t\t<\/div> \n\t\t<\/div>\n\t<\/div> \n<\/div><\/div>","protected":false},"excerpt":{"rendered":"Cont\u00e1ctanos Si desea informaci\u00f3n sobre alquiler de apartamentos o celebraciones de eventos en Granada, cont\u00e1ctanos. Calle El Guerra, 30. Beiro - 18014 Granada +34 601 005 061 info@caseriasanfrancisco.com\u00a0 \u00a0|\u00a0 reservas@caseriasanfrancisco.com...","protected":false},"author":1,"featured_media":0,"parent":0,"menu_order":0,"comment_status":"closed","ping_status":"closed","template":"","meta":{"footnotes":""},"class_list":["post-377","page","type-page","status-publish"],"aioseo_notices":[],"_links":{"self":[{"href":"https:\/\/caseriasanfrancisco.com\/en\/wp-json\/wp\/v2\/pages\/377","targetHints":{"allow":["GET"]}}],"collection":[{"href":"https:\/\/caseriasanfrancisco.com\/en\/wp-json\/wp\/v2\/pages"}],"about":[{"href":"https:\/\/caseriasanfrancisco.com\/en\/wp-json\/wp\/v2\/types\/page"}],"author":[{"embeddable":true,"href":"https:\/\/caseriasanfrancisco.com\/en\/wp-json\/wp\/v2\/users\/1"}],"replies":[{"embeddable":true,"href":"https:\/\/caseriasanfrancisco.com\/en\/wp-json\/wp\/v2\/comments?post=377"}],"version-history":[{"count":45,"href":"https:\/\/caseriasanfrancisco.com\/en\/wp-json\/wp\/v2\/pages\/377\/revisions"}],"predecessor-version":[{"id":6635,"href":"https:\/\/caseriasanfrancisco.com\/en\/wp-json\/wp\/v2\/pages\/377\/revisions\/6635"}],"wp:attachment":[{"href":"https:\/\/caseriasanfrancisco.com\/en\/wp-json\/wp\/v2\/media?parent=377"}],"curies":[{"name":"wp","href":"https:\/\/api.w.org\/{rel}","templated":true}]}}